{"id":2119,"date":"2017-06-22T15:10:28","date_gmt":"2017-06-22T15:10:28","guid":{"rendered":"http:\/\/www.encontracapaoredondo.com.br\/noticias\/?page_id=2119"},"modified":"2025-10-03T14:39:09","modified_gmt":"2025-10-03T17:39:09","slug":"sobre-o-capao-redondo","status":"publish","type":"page","link":"https:\/\/www.encontracapaoredondo.com.br\/sobre\/","title":{"rendered":"Sobre o Cap\u00e3o Redondo"},"content":{"rendered":"<div class=\"8fb9da09c1a584b185d8cf81e63b5046\" data-index=\"1\" style=\"float: none; margin:0px;\">\n<!-- Anuncio display - global -->\r\n<ins class=\"adsbygoogle\"\r\n     style=\"display:block\"\r\n     data-ad-client=\"ca-pub-8585364105181520\"\r\n     data-ad-slot=\"8789329856\"\r\n     data-ad-format=\"auto\"\r\n     data-full-width-responsive=\"true\"><\/ins>\r\n<script>\r\n     (adsbygoogle = window.adsbygoogle || []).push({});\r\n<\/script>\n<\/div>\n<h2>Limites &#8211; Bairros Vizinhos &#8211; <a href=\"https:\/\/www.zonasulsp.com.br\/\" target=\"_blank\" rel=\"noopener noreferrer\">Zona Sul<\/a><\/h2>\n<p>Valo Velho, <a title=\"Jardim S\u00e3o Luis\" href=\"https:\/\/www.encontrajardimsaoluis.com.br\/\" target=\"_blank\" rel=\"noopener noreferrer\">Jardim S\u00e3o Luis<\/a>, Centro Empresarial, Vila das Belezas, <a title=\"Embu\" href=\"https:\/\/www.encontraembu.com.br\/\" target=\"_blank\" rel=\"noopener noreferrer\">Embu<\/a><\/p>\n<h3>Dados Principais sobre o Cap\u00e3o Redondo<\/h3>\n<p><strong>Popula\u00e7\u00e3o<\/strong> 275.230 hab. (2010)<br \/>\n<strong>Renda m\u00e9dia<\/strong> R$ 711,37<br \/>\n<strong>IDH<\/strong> 0,782 &#8211; medio<br \/>\n<strong>Subprefeitura<\/strong> Campo Limpo<br \/>\n<strong>Regi\u00e3o Administrativa<\/strong> Sul<br \/>\n<strong>\u00c1rea Geogr\u00e1fica<\/strong> 7<\/p>\n<h2>Moradores ilustres do Cap\u00e3o Redondo<\/h2>\n<p><iframe loading=\"lazy\" style=\"border: none; overflow: hidden; width: 100%; height: 252px;\" src=\"https:\/\/www.facebook.com\/plugins\/likebox.php?href=http%3A%2F%2Fwww.facebook.com%2Fbairrocapaoredondo&amp;width=520&amp;colorscheme=light&amp;show_faces=true&amp;stream=false&amp;header=false&amp;height=252\" width=\"300\" height=\"150\" frameborder=\"0\" scrolling=\"No\"><\/iframe><\/p>\n<h2>Hist\u00f3ria do Cap\u00e3o Redondo<\/h2>\n<p><img decoding=\"async\" class=\"alignnone size-full wp-image-2123\" style=\"width: 100%; height: auto;\" src=\"https:\/\/www.encontracapaoredondo.com.br\/sobre\/wp-content\/uploads\/bairro-capao-redondo.jpg\" alt=\"\" \/><br \/>\n<a href=\"\/\">Cap\u00e3o Redondo<\/a> ( que significa uma por\u00e7\u00e3o de mato isolado ) \u00e9 um distrito pertencente \u00e0 subprefeitura do <a href=\"https:\/\/www.encontracampolimpo.com.br\/\" target=\"_blank\" rel=\"noopener noreferrer\">Campo Limpo<\/a>, na regi\u00e3o sudoeste da cidade brasileira de S\u00e3o Paulo, localizado a cerca de 23 quil\u00f4metros do marco zero da cidade.<\/p>\n<p>O bairro surgiu n\u00e3o muito distante de Guavirituba, atual M&#8217;Boi Mirim, nas imedia\u00e7\u00f5es da Represa Guarapiranga, onde, segundo depoimento oral de antigos moradores do Jardim \u00c2ngela, gente que residia e trabalhava no centro da capital paulista se aventurava ca\u00e7ando, pescando e acampando na regi\u00e3o praticamente despovoada dos sert\u00f5es de <a href=\"https:\/\/www.encontrasantoamaro.com.br\/\" target=\"_blank\" rel=\"noopener noreferrer\">Santo Amaro<\/a> na segunda d\u00e9cada do s\u00e9culo XX. O nome de Cap\u00e3o Redondo foi dado ao bairro por seus primeiros moradores; o motivo que os levou a usarem esta denomina\u00e7\u00e3o para o local foi existir nesta regi\u00e3o, um cap\u00e3o de arauc\u00e1rias, bem redondo, com cerca de 50 quil\u00f4metros de circunfer\u00eancia.<\/p>\n<p>A primeira ocupa\u00e7\u00e3o do <a href=\"\/\">Cap\u00e3o Redondo<\/a> aconteceu nas imedia\u00e7\u00f5es do Parque Santo Dias e da EMEF Ricardo Vitiello, nas conflu\u00eancias das Avenidas Solidariedade e Marmeleira da \u00cdndia com a Avenida Elias Maas (que leva o nome de um dos diretores do Collegio Adventista, atual UNASP). A partir de 1915 foi constru\u00eddo um grande complexo de represas que existiu at\u00e9 os anos 1960. Hoje \u00e9 poss\u00edvel apenas visualizar a COHAB Adventista, duas avenidas e um c\u00f3rrego bem polu\u00eddo a c\u00e9u aberto, denominado Moenda.<\/p>\n<p>O distrito possui hoje uma infinidade de escolas, tanto privadas quanto publicas. No distrito se localizam atualmente seis Escolas Adventistas, as escolas do Alvorada, Valo Velho, Campo de Fora, Jardim das Palmeiras, Jardim Lill\u00e1 e Vila das Belezas, e os Col\u00e9gios Adventistas Ellen White e Campo Limpo. Al\u00e9m da Universidade Adventista de S\u00e3o Paulo, UNASP. O distrito possui ainda os col\u00e9gios cat\u00f3licos S\u00e3o Luiz de Gonzaga, S\u00e3o Vicente de Paula e Santa Isab\u00e9l; e os privados Perspectiva, Prisma, Morumbi Sul, Seiva e o Externato Elvira Ramos. H\u00e1 v\u00e1rios col\u00e9gios estaduais e municipais, tais como o Col\u00e9gio Afis Gerbara e Joiti Hirata.<\/p>\n<p>Do ponto zero do <a href=\"\/\">Bairro Cap\u00e3o Redondo<\/a>, nas imedia\u00e7\u00f5es da portaria do Parque Santo Dias, o litoral paulista fica a exatos 49,4 quilometros em linha reta. Os altos de <a href=\"https:\/\/www.encontravilamariana.com.br\/\" target=\"_blank\" rel=\"noopener noreferrer\">Vila Mariana<\/a> e do espig\u00e3o mestre da <a href=\"https:\/\/www.encontrabelavista.com.br\/avenida-paulista\/\" target=\"_blank\" rel=\"noopener noreferrer\">Avenida Paulista<\/a> podiam ser vistos onde foi erguido o primeiro edif\u00edcio p\u00fablico no Cap\u00e3o Redondo no dia 2 de agosto de 1915, atual pr\u00e9dio da reitoria do UNASP. Os pr\u00e9dios da regi\u00e3o do <a href=\"https:\/\/www.encontramorumbi.com.br\/\" target=\"_blank\" rel=\"noopener noreferrer\">Morumbi<\/a> e imedia\u00e7\u00f5es do Campo Limpo impedem uma vis\u00e3o mais ampla do centro da cidade.<\/p>\n<p>Para homenagear a comunidade de moradores deste maravilho bairro, o <a href=\"https:\/\/www.encontrasaopaulo.com.br\/\" target=\"_blank\" rel=\"noopener noreferrer\">Encontra S\u00e3o Paulo<\/a> criou o <a href=\"https:\/\/www.encontracapaoredondo.com.br\" target=\"_blank\" rel=\"noopener noreferrer\">Encontra Cap\u00e3o Redondo<\/a> na cidade de S\u00e3o Paulo.<\/p>\n\n<div style=\"font-size: 0px; height: 0px; line-height: 0px; margin: 0; padding: 0; clear: both;\"><\/div>","protected":false},"excerpt":{"rendered":"<p>Limites &#8211; Bairros Vizinhos &#8211; Zona Sul Valo Velho, Jardim S\u00e3o Luis, Centro Empresarial, Vila das Belezas, Embu Dados Principais sobre o Cap\u00e3o Redondo Popula\u00e7\u00e3o 275.230 hab. (2010) Renda m\u00e9dia R$ 711,37 IDH 0,782 &#8211; medio Subprefeitura Campo Limpo Regi\u00e3o Administrativa Sul \u00c1rea Geogr\u00e1fica 7 Moradores ilustres do Cap\u00e3o Redondo Hist\u00f3ria do Cap\u00e3o Redondo Cap\u00e3o Redondo ( que significa uma por\u00e7\u00e3o de mato isolado ) \u00e9 um distrito pertencente \u00e0 subprefeitura do Campo Limpo, na regi\u00e3o sudoeste da cidade brasileira de S\u00e3o Paulo, localizado a cerca de 23 quil\u00f4metros do marco zero da cidade. O bairro surgiu n\u00e3o muito distante <\/p>\n","protected":false},"author":1,"featured_media":0,"parent":0,"menu_order":0,"comment_status":"closed","ping_status":"closed","template":"","meta":{"footnotes":""},"class_list":["post-2119","page","type-page","status-publish","hentry"],"aioseo_notices":[],"_links":{"self":[{"href":"https:\/\/www.encontracapaoredondo.com.br\/sobre\/wp-json\/wp\/v2\/pages\/2119","targetHints":{"allow":["GET"]}}],"collection":[{"href":"https:\/\/www.encontracapaoredondo.com.br\/sobre\/wp-json\/wp\/v2\/pages"}],"about":[{"href":"https:\/\/www.encontracapaoredondo.com.br\/sobre\/wp-json\/wp\/v2\/types\/page"}],"author":[{"embeddable":true,"href":"https:\/\/www.encontracapaoredondo.com.br\/sobre\/wp-json\/wp\/v2\/users\/1"}],"replies":[{"embeddable":true,"href":"https:\/\/www.encontracapaoredondo.com.br\/sobre\/wp-json\/wp\/v2\/comments?post=2119"}],"version-history":[{"count":0,"href":"https:\/\/www.encontracapaoredondo.com.br\/sobre\/wp-json\/wp\/v2\/pages\/2119\/revisions"}],"wp:attachment":[{"href":"https:\/\/www.encontracapaoredondo.com.br\/sobre\/wp-json\/wp\/v2\/media?parent=2119"}],"curies":[{"name":"wp","href":"https:\/\/api.w.org\/{rel}","templated":true}]}}